{"id":51,"date":"2016-08-12T13:27:54","date_gmt":"2016-08-12T13:27:54","guid":{"rendered":"http:\/\/jonkopingskammarkor.se\/?page_id=51"},"modified":"2021-10-10T14:17:32","modified_gmt":"2021-10-10T14:17:32","slug":"dirigent","status":"publish","type":"page","link":"https:\/\/jonkopingskammarkor.se\/?page_id=51","title":{"rendered":"Dirigent"},"content":{"rendered":"<div id=\"pl-51\"  class=\"panel-layout\" ><div id=\"pg-51-0\"  class=\"panel-grid panel-no-style\" ><div id=\"pgc-51-0-0\"  class=\"panel-grid-cell\" ><div id=\"panel-51-0-0-0\" class=\"so-panel widget widget_text panel-first-child panel-last-child\" data-index=\"0\" >\t\t\t<div class=\"textwidget\"><p>Tre dirigenter har tidigare satt sin pr\u00e4gel p\u00e5 J\u00f6nk\u00f6pings Kammark\u00f6r. Donald Oberg p\u00e5 70-talet, Philip Olsson p\u00e5 80-talet, och mellan 1989 och 2021 Ove Gotting.<\/p>\n<p>H\u00f6sten 2021 tog Annica Sj\u00f6strand \u00f6ver som k\u00f6rens nya musikaliska ledare.<\/p>\n<p>Annica Sj\u00f6strand \u00e4r en v\u00e4lk\u00e4nd musikalisk profil i J\u00f6nk\u00f6ping med omnejd, inte minst som organist och kyrkomusiker i Sofiakyrkan, ett uppdrag hon nu l\u00e4mnar efter 22 \u00e5r. <\/p>\n<p>Sin musikaliska utbildning erh\u00f6ll Annica vid Musikh\u00f6gskolan i G\u00f6teborg d\u00e4r hon ut\u00f6ver ordinarie organistutbildning med p\u00e5f\u00f6ljande diplomutbildning ocks\u00e5 var korist i Musikh\u00f6gskolans Kammark\u00f6r samt G\u00f6sta Ohlins vokalensemble.<\/p>\n<\/div>\n\t\t<\/div><\/div><div id=\"pgc-51-0-1\"  class=\"panel-grid-cell\" ><div id=\"panel-51-0-1-0\" class=\"so-panel widget widget_sow-image panel-first-child panel-last-child\" data-index=\"1\" ><div\n\t\t\t\n\t\t\tclass=\"so-widget-sow-image so-widget-sow-image-default-8b5b6f678277-51\"\n\t\t\t\n\t\t>\n<div class=\"sow-image-container\">\n\t\t<img \n\tsrc=\"https:\/\/jonkopingskammarkor.se\/wp-content\/uploads\/2021\/09\/Annica.png\" width=\"617\" height=\"612\" srcset=\"https:\/\/jonkopingskammarkor.se\/wp-content\/uploads\/2021\/09\/Annica.png 617w, https:\/\/jonkopingskammarkor.se\/wp-content\/uploads\/2021\/09\/Annica-300x298.png 300w, https:\/\/jonkopingskammarkor.se\/wp-content\/uploads\/2021\/09\/Annica-150x150.png 150w\" sizes=\"(max-width: 617px) 100vw, 617px\" alt=\"\" \t\tclass=\"so-widget-image\"\/>\n\t<\/div>\n\n<\/div><\/div><\/div><\/div><\/div>","protected":false},"excerpt":{"rendered":"<p>Tre dirigenter har tidigare satt sin pr\u00e4gel p\u00e5 J\u00f6nk\u00f6pings Kammark\u00f6r. Donald Oberg p\u00e5 70-talet, Philip Olsson p\u00e5 80-talet, och mellan 1989 och 2021 Ove Gotting. H\u00f6sten 2021 tog Annica Sj\u00f6strand \u00f6ver som k\u00f6rens nya musikaliska ledare. Annica Sj\u00f6strand \u00e4r en v\u00e4lk\u00e4nd musikalisk profil i J\u00f6nk\u00f6ping med omnejd, inte minst som organist och kyrkomusiker i Sofiakyrkan, [&hellip;]<\/p>\n","protected":false},"author":1,"featured_media":0,"parent":0,"menu_order":0,"comment_status":"closed","ping_status":"closed","template":"","meta":{"footnotes":""},"class_list":["post-51","page","type-page","status-publish","hentry","post"],"_links":{"self":[{"href":"https:\/\/jonkopingskammarkor.se\/index.php?rest_route=\/wp\/v2\/pages\/51","targetHints":{"allow":["GET"]}}],"collection":[{"href":"https:\/\/jonkopingskammarkor.se\/index.php?rest_route=\/wp\/v2\/pages"}],"about":[{"href":"https:\/\/jonkopingskammarkor.se\/index.php?rest_route=\/wp\/v2\/types\/page"}],"author":[{"embeddable":true,"href":"https:\/\/jonkopingskammarkor.se\/index.php?rest_route=\/wp\/v2\/users\/1"}],"replies":[{"embeddable":true,"href":"https:\/\/jonkopingskammarkor.se\/index.php?rest_route=%2Fwp%2Fv2%2Fcomments&post=51"}],"version-history":[{"count":0,"href":"https:\/\/jonkopingskammarkor.se\/index.php?rest_route=\/wp\/v2\/pages\/51\/revisions"}],"wp:attachment":[{"href":"https:\/\/jonkopingskammarkor.se\/index.php?rest_route=%2Fwp%2Fv2%2Fmedia&parent=51"}],"curies":[{"name":"wp","href":"https:\/\/api.w.org\/{rel}","templated":true}]}}