{"id":60,"date":"2016-08-12T13:54:42","date_gmt":"2016-08-12T13:54:42","guid":{"rendered":"http:\/\/jonkopingskammarkor.se\/?page_id=60"},"modified":"2022-03-15T17:58:35","modified_gmt":"2022-03-15T17:58:35","slug":"sok-till-koren","status":"publish","type":"page","link":"http:\/\/jonkopingskammarkor.se\/?page_id=60","title":{"rendered":"S\u00f6k till k\u00f6ren"},"content":{"rendered":"<p>Vi i J\u00f6nk\u00f6pings kammark\u00f6r \u00e4r alltid intresserade av att lyssna p\u00e5 duktiga s\u00e5ngare f\u00f6r fast medlemskap i k\u00f6ren, vikariat eller som extra resurs vid st\u00f6rre projekt.<\/p>\n<p>Skulle Du vilja sjunga med oss?<\/p>\n<p>Ta d\u00e5 kontakt med v\u00e5r dirigent Annica Sj\u00f6strand 0708-97 36 38 f\u00f6r mer information och bokning av tid.<\/p>\n<p>Provet sker vanligtvis efter ordinarie repetitionstid som \u00e4r m\u00e5ndagar kl. 18 &#8211; 21. Vi rekommenderar att Du deltar i repetitionen f\u00f6re ditt provtillf\u00e4lle.<\/p>\n<p><strong>Intr\u00e4desprovet best\u00e5r av tre moment:<\/strong><\/p>\n<ol>\n<li><strong>R\u00f6st-, omf\u00e5ngs- och geh\u00f6rsprov.<\/strong> Du sjunger olika tonf\u00f6ljder efter instruktioner fr\u00e5n dirigent \/ pianist.<\/li>\n<li><strong>Solos\u00e5ng.<\/strong> Du framf\u00f6r en s\u00e5ng du sj\u00e4lv valt, \u00e0 capella eller med ackompanjemang av piano.<\/li>\n<li><strong>Ensemble- \/ notl\u00e4sningsprov.<\/strong> Du sjunger din st\u00e4mma, tillsammans med s\u00e5ngare ur k\u00f6ren, i en s\u00e5ng som du inte f\u00e5tt noter p\u00e5 i f\u00f6rv\u00e4g.<\/li>\n<\/ol>\n","protected":false},"excerpt":{"rendered":"<p>Vi i J\u00f6nk\u00f6pings kammark\u00f6r \u00e4r alltid intresserade av att lyssna p\u00e5 duktiga s\u00e5ngare f\u00f6r fast medlemskap i k\u00f6ren, vikariat eller som extra resurs vid st\u00f6rre projekt. Skulle Du vilja sjunga med oss? Ta d\u00e5 kontakt med v\u00e5r dirigent Annica Sj\u00f6strand 0708-97 36 38 f\u00f6r mer information och bokning av tid. Provet sker vanligtvis efter ordinarie [&hellip;]<\/p>\n","protected":false},"author":1,"featured_media":0,"parent":0,"menu_order":0,"comment_status":"closed","ping_status":"closed","template":"","meta":{"footnotes":""},"class_list":["post-60","page","type-page","status-publish","hentry","post"],"_links":{"self":[{"href":"http:\/\/jonkopingskammarkor.se\/index.php?rest_route=\/wp\/v2\/pages\/60","targetHints":{"allow":["GET"]}}],"collection":[{"href":"http:\/\/jonkopingskammarkor.se\/index.php?rest_route=\/wp\/v2\/pages"}],"about":[{"href":"http:\/\/jonkopingskammarkor.se\/index.php?rest_route=\/wp\/v2\/types\/page"}],"author":[{"embeddable":true,"href":"http:\/\/jonkopingskammarkor.se\/index.php?rest_route=\/wp\/v2\/users\/1"}],"replies":[{"embeddable":true,"href":"http:\/\/jonkopingskammarkor.se\/index.php?rest_route=%2Fwp%2Fv2%2Fcomments&post=60"}],"version-history":[{"count":0,"href":"http:\/\/jonkopingskammarkor.se\/index.php?rest_route=\/wp\/v2\/pages\/60\/revisions"}],"wp:attachment":[{"href":"http:\/\/jonkopingskammarkor.se\/index.php?rest_route=%2Fwp%2Fv2%2Fmedia&parent=60"}],"curies":[{"name":"wp","href":"https:\/\/api.w.org\/{rel}","templated":true}]}}